{"id":576,"date":"2024-08-10T14:44:35","date_gmt":"2024-08-10T11:44:35","guid":{"rendered":"https:\/\/www.bozodujfalu.eu\/?page_id=576"},"modified":"2024-08-10T14:44:35","modified_gmt":"2024-08-10T11:44:35","slug":"balint-zsigmond-fotoi-2","status":"publish","type":"page","link":"https:\/\/www.bozodujfalu.eu\/index.php\/balint-zsigmond-fotoi-2\/","title":{"rendered":"B\u00e1lint Zsigmond fot\u00f3i \u2013 2"},"content":{"rendered":"\n<p>B\u00e1lint Zsigmond fot\u00f3m\u0171v\u00e9sz az al\u00e1bbi k\u00e9peket 1990 \u00e9s 2019 k\u00f6z\u00f6tt k\u00e9sz\u00edtette.<\/p>\n\n\n\n<figure class=\"wp-block-gallery has-nested-images columns-default is-cropped wp-block-gallery-1 is-layout-flex wp-block-gallery-is-layout-flex\">\n<figure class=\"wp-block-image size-large\"><a href=\"https:\/\/www.bozodujfalu.eu\/wp-content\/uploads\/2024\/08\/Bozodujfalu-1994-34-a.jpg\"><img loading=\"lazy\" decoding=\"async\" width=\"1024\" height=\"701\" data-id=\"592\" src=\"https:\/\/www.bozodujfalu.eu\/wp-content\/uploads\/2024\/08\/Bozodujfalu-1994-34-a-1024x701.jpg\" alt=\"\" class=\"wp-image-592\" srcset=\"https:\/\/www.bozodujfalu.eu\/wp-content\/uploads\/2024\/08\/Bozodujfalu-1994-34-a-1024x701.jpg 1024w, https:\/\/www.bozodujfalu.eu\/wp-content\/uploads\/2024\/08\/Bozodujfalu-1994-34-a-300x205.jpg 300w, https:\/\/www.bozodujfalu.eu\/wp-content\/uploads\/2024\/08\/Bozodujfalu-1994-34-a-768x526.jpg 768w, https:\/\/www.bozodujfalu.eu\/wp-content\/uploads\/2024\/08\/Bozodujfalu-1994-34-a.jpg 1417w\" sizes=\"auto, (max-width: 1024px) 100vw, 1024px\" \/><\/a><\/figure>\n\n\n\n<figure class=\"wp-block-image size-large\"><a href=\"https:\/\/www.bozodujfalu.eu\/wp-content\/uploads\/2024\/08\/Bozodujfalu-1991-jul.-31-15-aaa.jpg\"><img loading=\"lazy\" decoding=\"async\" width=\"1024\" height=\"624\" data-id=\"589\" src=\"https:\/\/www.bozodujfalu.eu\/wp-content\/uploads\/2024\/08\/Bozodujfalu-1991-jul.-31-15-aaa-1024x624.jpg\" alt=\"\" class=\"wp-image-589\" srcset=\"https:\/\/www.bozodujfalu.eu\/wp-content\/uploads\/2024\/08\/Bozodujfalu-1991-jul.-31-15-aaa-1024x624.jpg 1024w, https:\/\/www.bozodujfalu.eu\/wp-content\/uploads\/2024\/08\/Bozodujfalu-1991-jul.-31-15-aaa-300x183.jpg 300w, https:\/\/www.bozodujfalu.eu\/wp-content\/uploads\/2024\/08\/Bozodujfalu-1991-jul.-31-15-aaa-768x468.jpg 768w, https:\/\/www.bozodujfalu.eu\/wp-content\/uploads\/2024\/08\/Bozodujfalu-1991-jul.-31-15-aaa.jpg 1417w\" sizes=\"auto, (max-width: 1024px) 100vw, 1024px\" \/><\/a><\/figure>\n\n\n\n<figure class=\"wp-block-image size-large\"><a href=\"https:\/\/www.bozodujfalu.eu\/wp-content\/uploads\/2024\/08\/Bozodujfalu-1991-jun-5-aaa.jpg\"><img loading=\"lazy\" decoding=\"async\" width=\"1024\" height=\"625\" data-id=\"590\" src=\"https:\/\/www.bozodujfalu.eu\/wp-content\/uploads\/2024\/08\/Bozodujfalu-1991-jun-5-aaa-1024x625.jpg\" alt=\"\" class=\"wp-image-590\" srcset=\"https:\/\/www.bozodujfalu.eu\/wp-content\/uploads\/2024\/08\/Bozodujfalu-1991-jun-5-aaa-1024x625.jpg 1024w, https:\/\/www.bozodujfalu.eu\/wp-content\/uploads\/2024\/08\/Bozodujfalu-1991-jun-5-aaa-300x183.jpg 300w, https:\/\/www.bozodujfalu.eu\/wp-content\/uploads\/2024\/08\/Bozodujfalu-1991-jun-5-aaa-768x469.jpg 768w, https:\/\/www.bozodujfalu.eu\/wp-content\/uploads\/2024\/08\/Bozodujfalu-1991-jun-5-aaa.jpg 1417w\" sizes=\"auto, (max-width: 1024px) 100vw, 1024px\" \/><\/a><\/figure>\n\n\n\n<figure class=\"wp-block-image size-large\"><a href=\"https:\/\/www.bozodujfalu.eu\/wp-content\/uploads\/2024\/08\/Bozodujfalu-1994-36-a.jpg\"><img loading=\"lazy\" decoding=\"async\" width=\"1024\" height=\"631\" data-id=\"593\" src=\"https:\/\/www.bozodujfalu.eu\/wp-content\/uploads\/2024\/08\/Bozodujfalu-1994-36-a-1024x631.jpg\" alt=\"\" class=\"wp-image-593\" srcset=\"https:\/\/www.bozodujfalu.eu\/wp-content\/uploads\/2024\/08\/Bozodujfalu-1994-36-a-1024x631.jpg 1024w, https:\/\/www.bozodujfalu.eu\/wp-content\/uploads\/2024\/08\/Bozodujfalu-1994-36-a-300x185.jpg 300w, https:\/\/www.bozodujfalu.eu\/wp-content\/uploads\/2024\/08\/Bozodujfalu-1994-36-a-768x473.jpg 768w, https:\/\/www.bozodujfalu.eu\/wp-content\/uploads\/2024\/08\/Bozodujfalu-1994-36-a-1536x946.jpg 1536w, https:\/\/www.bozodujfalu.eu\/wp-content\/uploads\/2024\/08\/Bozodujfalu-1994-36-a-2048x1261.jpg 2048w\" sizes=\"auto, (max-width: 1024px) 100vw, 1024px\" \/><\/a><\/figure>\n\n\n\n<figure class=\"wp-block-image size-large\"><a href=\"https:\/\/www.bozodujfalu.eu\/wp-content\/uploads\/2024\/08\/Bozodujfalu-2000-jul-12-a.jpg\"><img loading=\"lazy\" decoding=\"async\" width=\"645\" height=\"1024\" data-id=\"597\" src=\"https:\/\/www.bozodujfalu.eu\/wp-content\/uploads\/2024\/08\/Bozodujfalu-2000-jul-12-a-645x1024.jpg\" alt=\"\" class=\"wp-image-597\" srcset=\"https:\/\/www.bozodujfalu.eu\/wp-content\/uploads\/2024\/08\/Bozodujfalu-2000-jul-12-a-645x1024.jpg 645w, https:\/\/www.bozodujfalu.eu\/wp-content\/uploads\/2024\/08\/Bozodujfalu-2000-jul-12-a-189x300.jpg 189w, https:\/\/www.bozodujfalu.eu\/wp-content\/uploads\/2024\/08\/Bozodujfalu-2000-jul-12-a-768x1220.jpg 768w, https:\/\/www.bozodujfalu.eu\/wp-content\/uploads\/2024\/08\/Bozodujfalu-2000-jul-12-a-967x1536.jpg 967w, https:\/\/www.bozodujfalu.eu\/wp-content\/uploads\/2024\/08\/Bozodujfalu-2000-jul-12-a-1289x2048.jpg 1289w, https:\/\/www.bozodujfalu.eu\/wp-content\/uploads\/2024\/08\/Bozodujfalu-2000-jul-12-a.jpg 1606w\" sizes=\"auto, (max-width: 645px) 100vw, 645px\" \/><\/a><\/figure>\n\n\n\n<figure class=\"wp-block-image size-large\"><a href=\"https:\/\/www.bozodujfalu.eu\/wp-content\/uploads\/2024\/08\/Bozodujfalu-1994-28-a.jpg\"><img loading=\"lazy\" decoding=\"async\" width=\"1024\" height=\"683\" data-id=\"591\" src=\"https:\/\/www.bozodujfalu.eu\/wp-content\/uploads\/2024\/08\/Bozodujfalu-1994-28-a-1024x683.jpg\" alt=\"\" class=\"wp-image-591\" srcset=\"https:\/\/www.bozodujfalu.eu\/wp-content\/uploads\/2024\/08\/Bozodujfalu-1994-28-a-1024x683.jpg 1024w, https:\/\/www.bozodujfalu.eu\/wp-content\/uploads\/2024\/08\/Bozodujfalu-1994-28-a-300x200.jpg 300w, https:\/\/www.bozodujfalu.eu\/wp-content\/uploads\/2024\/08\/Bozodujfalu-1994-28-a-768x512.jpg 768w, https:\/\/www.bozodujfalu.eu\/wp-content\/uploads\/2024\/08\/Bozodujfalu-1994-28-a-1536x1024.jpg 1536w, https:\/\/www.bozodujfalu.eu\/wp-content\/uploads\/2024\/08\/Bozodujfalu-1994-28-a-2048x1366.jpg 2048w\" sizes=\"auto, (max-width: 1024px) 100vw, 1024px\" \/><\/a><\/figure>\n\n\n\n<figure class=\"wp-block-image size-large\"><a href=\"https:\/\/www.bozodujfalu.eu\/wp-content\/uploads\/2024\/08\/Bozodi-to-170429-1-aa.jpg\"><img loading=\"lazy\" decoding=\"async\" width=\"1024\" height=\"683\" data-id=\"577\" src=\"https:\/\/www.bozodujfalu.eu\/wp-content\/uploads\/2024\/08\/Bozodi-to-170429-1-aa-1024x683.jpg\" alt=\"\" class=\"wp-image-577\" srcset=\"https:\/\/www.bozodujfalu.eu\/wp-content\/uploads\/2024\/08\/Bozodi-to-170429-1-aa-1024x683.jpg 1024w, https:\/\/www.bozodujfalu.eu\/wp-content\/uploads\/2024\/08\/Bozodi-to-170429-1-aa-300x200.jpg 300w, https:\/\/www.bozodujfalu.eu\/wp-content\/uploads\/2024\/08\/Bozodi-to-170429-1-aa-768x512.jpg 768w, https:\/\/www.bozodujfalu.eu\/wp-content\/uploads\/2024\/08\/Bozodi-to-170429-1-aa.jpg 1417w\" sizes=\"auto, (max-width: 1024px) 100vw, 1024px\" \/><\/a><\/figure>\n\n\n\n<figure class=\"wp-block-image size-large\"><a href=\"https:\/\/www.bozodujfalu.eu\/wp-content\/uploads\/2024\/08\/Bozodi-to-170429-131-aa.jpg\"><img loading=\"lazy\" decoding=\"async\" width=\"1024\" height=\"683\" data-id=\"583\" src=\"https:\/\/www.bozodujfalu.eu\/wp-content\/uploads\/2024\/08\/Bozodi-to-170429-131-aa-1024x683.jpg\" alt=\"\" class=\"wp-image-583\" srcset=\"https:\/\/www.bozodujfalu.eu\/wp-content\/uploads\/2024\/08\/Bozodi-to-170429-131-aa-1024x683.jpg 1024w, https:\/\/www.bozodujfalu.eu\/wp-content\/uploads\/2024\/08\/Bozodi-to-170429-131-aa-300x200.jpg 300w, https:\/\/www.bozodujfalu.eu\/wp-content\/uploads\/2024\/08\/Bozodi-to-170429-131-aa-768x512.jpg 768w, https:\/\/www.bozodujfalu.eu\/wp-content\/uploads\/2024\/08\/Bozodi-to-170429-131-aa-1536x1024.jpg 1536w, https:\/\/www.bozodujfalu.eu\/wp-content\/uploads\/2024\/08\/Bozodi-to-170429-131-aa-2048x1365.jpg 2048w\" sizes=\"auto, (max-width: 1024px) 100vw, 1024px\" \/><\/a><\/figure>\n\n\n\n<figure class=\"wp-block-image size-large\"><a href=\"https:\/\/www.bozodujfalu.eu\/wp-content\/uploads\/2024\/08\/Bozodi-to-170429-19-a.jpg\"><img loading=\"lazy\" decoding=\"async\" width=\"1024\" height=\"683\" data-id=\"578\" src=\"https:\/\/www.bozodujfalu.eu\/wp-content\/uploads\/2024\/08\/Bozodi-to-170429-19-a-1024x683.jpg\" alt=\"\" class=\"wp-image-578\" srcset=\"https:\/\/www.bozodujfalu.eu\/wp-content\/uploads\/2024\/08\/Bozodi-to-170429-19-a-1024x683.jpg 1024w, https:\/\/www.bozodujfalu.eu\/wp-content\/uploads\/2024\/08\/Bozodi-to-170429-19-a-300x200.jpg 300w, https:\/\/www.bozodujfalu.eu\/wp-content\/uploads\/2024\/08\/Bozodi-to-170429-19-a-768x512.jpg 768w, https:\/\/www.bozodujfalu.eu\/wp-content\/uploads\/2024\/08\/Bozodi-to-170429-19-a-1536x1024.jpg 1536w, https:\/\/www.bozodujfalu.eu\/wp-content\/uploads\/2024\/08\/Bozodi-to-170429-19-a-2048x1365.jpg 2048w\" sizes=\"auto, (max-width: 1024px) 100vw, 1024px\" \/><\/a><\/figure>\n\n\n\n<figure class=\"wp-block-image size-large\"><a href=\"https:\/\/www.bozodujfalu.eu\/wp-content\/uploads\/2024\/08\/Bozodi-to-170429-25-aa.jpg\"><img loading=\"lazy\" decoding=\"async\" width=\"1024\" height=\"683\" data-id=\"579\" src=\"https:\/\/www.bozodujfalu.eu\/wp-content\/uploads\/2024\/08\/Bozodi-to-170429-25-aa-1024x683.jpg\" alt=\"\" class=\"wp-image-579\" srcset=\"https:\/\/www.bozodujfalu.eu\/wp-content\/uploads\/2024\/08\/Bozodi-to-170429-25-aa-1024x683.jpg 1024w, https:\/\/www.bozodujfalu.eu\/wp-content\/uploads\/2024\/08\/Bozodi-to-170429-25-aa-300x200.jpg 300w, https:\/\/www.bozodujfalu.eu\/wp-content\/uploads\/2024\/08\/Bozodi-to-170429-25-aa-768x512.jpg 768w, https:\/\/www.bozodujfalu.eu\/wp-content\/uploads\/2024\/08\/Bozodi-to-170429-25-aa.jpg 1417w\" sizes=\"auto, (max-width: 1024px) 100vw, 1024px\" \/><\/a><\/figure>\n\n\n\n<figure class=\"wp-block-image size-large\"><a href=\"https:\/\/www.bozodujfalu.eu\/wp-content\/uploads\/2024\/08\/Bozodi-to-170429-56-a.jpg\"><img loading=\"lazy\" decoding=\"async\" width=\"1024\" height=\"683\" data-id=\"580\" src=\"https:\/\/www.bozodujfalu.eu\/wp-content\/uploads\/2024\/08\/Bozodi-to-170429-56-a-1024x683.jpg\" alt=\"\" class=\"wp-image-580\" srcset=\"https:\/\/www.bozodujfalu.eu\/wp-content\/uploads\/2024\/08\/Bozodi-to-170429-56-a-1024x683.jpg 1024w, https:\/\/www.bozodujfalu.eu\/wp-content\/uploads\/2024\/08\/Bozodi-to-170429-56-a-300x200.jpg 300w, https:\/\/www.bozodujfalu.eu\/wp-content\/uploads\/2024\/08\/Bozodi-to-170429-56-a-768x512.jpg 768w, https:\/\/www.bozodujfalu.eu\/wp-content\/uploads\/2024\/08\/Bozodi-to-170429-56-a-1536x1024.jpg 1536w, https:\/\/www.bozodujfalu.eu\/wp-content\/uploads\/2024\/08\/Bozodi-to-170429-56-a-2048x1365.jpg 2048w\" sizes=\"auto, (max-width: 1024px) 100vw, 1024px\" \/><\/a><\/figure>\n\n\n\n<figure class=\"wp-block-image size-large\"><a href=\"https:\/\/www.bozodujfalu.eu\/wp-content\/uploads\/2024\/08\/Bozodi-to-170429-79-a.jpg\"><img loading=\"lazy\" decoding=\"async\" width=\"1024\" height=\"683\" data-id=\"581\" src=\"https:\/\/www.bozodujfalu.eu\/wp-content\/uploads\/2024\/08\/Bozodi-to-170429-79-a-1024x683.jpg\" alt=\"\" class=\"wp-image-581\" srcset=\"https:\/\/www.bozodujfalu.eu\/wp-content\/uploads\/2024\/08\/Bozodi-to-170429-79-a-1024x683.jpg 1024w, https:\/\/www.bozodujfalu.eu\/wp-content\/uploads\/2024\/08\/Bozodi-to-170429-79-a-300x200.jpg 300w, https:\/\/www.bozodujfalu.eu\/wp-content\/uploads\/2024\/08\/Bozodi-to-170429-79-a-768x512.jpg 768w, https:\/\/www.bozodujfalu.eu\/wp-content\/uploads\/2024\/08\/Bozodi-to-170429-79-a-1536x1024.jpg 1536w, https:\/\/www.bozodujfalu.eu\/wp-content\/uploads\/2024\/08\/Bozodi-to-170429-79-a-2048x1365.jpg 2048w\" sizes=\"auto, (max-width: 1024px) 100vw, 1024px\" \/><\/a><\/figure>\n\n\n\n<figure class=\"wp-block-image size-large\"><a href=\"https:\/\/www.bozodujfalu.eu\/wp-content\/uploads\/2024\/08\/Bozodi-to-170429-117-a.jpg\"><img loading=\"lazy\" decoding=\"async\" width=\"1024\" height=\"683\" data-id=\"582\" src=\"https:\/\/www.bozodujfalu.eu\/wp-content\/uploads\/2024\/08\/Bozodi-to-170429-117-a-1024x683.jpg\" alt=\"\" class=\"wp-image-582\" srcset=\"https:\/\/www.bozodujfalu.eu\/wp-content\/uploads\/2024\/08\/Bozodi-to-170429-117-a-1024x683.jpg 1024w, https:\/\/www.bozodujfalu.eu\/wp-content\/uploads\/2024\/08\/Bozodi-to-170429-117-a-300x200.jpg 300w, https:\/\/www.bozodujfalu.eu\/wp-content\/uploads\/2024\/08\/Bozodi-to-170429-117-a-768x512.jpg 768w, https:\/\/www.bozodujfalu.eu\/wp-content\/uploads\/2024\/08\/Bozodi-to-170429-117-a-1536x1024.jpg 1536w, https:\/\/www.bozodujfalu.eu\/wp-content\/uploads\/2024\/08\/Bozodi-to-170429-117-a-2048x1365.jpg 2048w\" sizes=\"auto, (max-width: 1024px) 100vw, 1024px\" \/><\/a><\/figure>\n\n\n\n<figure class=\"wp-block-image size-large\"><a href=\"https:\/\/www.bozodujfalu.eu\/wp-content\/uploads\/2024\/08\/Bozodujfalu-2000-jul-6-a.jpg\"><img loading=\"lazy\" decoding=\"async\" width=\"1024\" height=\"601\" data-id=\"595\" src=\"https:\/\/www.bozodujfalu.eu\/wp-content\/uploads\/2024\/08\/Bozodujfalu-2000-jul-6-a-1024x601.jpg\" alt=\"\" class=\"wp-image-595\" srcset=\"https:\/\/www.bozodujfalu.eu\/wp-content\/uploads\/2024\/08\/Bozodujfalu-2000-jul-6-a-1024x601.jpg 1024w, https:\/\/www.bozodujfalu.eu\/wp-content\/uploads\/2024\/08\/Bozodujfalu-2000-jul-6-a-300x176.jpg 300w, https:\/\/www.bozodujfalu.eu\/wp-content\/uploads\/2024\/08\/Bozodujfalu-2000-jul-6-a-768x451.jpg 768w, https:\/\/www.bozodujfalu.eu\/wp-content\/uploads\/2024\/08\/Bozodujfalu-2000-jul-6-a-1536x901.jpg 1536w, https:\/\/www.bozodujfalu.eu\/wp-content\/uploads\/2024\/08\/Bozodujfalu-2000-jul-6-a-2048x1202.jpg 2048w\" sizes=\"auto, (max-width: 1024px) 100vw, 1024px\" \/><\/a><\/figure>\n\n\n\n<figure class=\"wp-block-image size-large\"><a href=\"https:\/\/www.bozodujfalu.eu\/wp-content\/uploads\/2024\/08\/Bozodujfalu-2000-jul-10-a.jpg\"><img loading=\"lazy\" decoding=\"async\" width=\"1024\" height=\"596\" data-id=\"596\" src=\"https:\/\/www.bozodujfalu.eu\/wp-content\/uploads\/2024\/08\/Bozodujfalu-2000-jul-10-a-1024x596.jpg\" alt=\"\" class=\"wp-image-596\" srcset=\"https:\/\/www.bozodujfalu.eu\/wp-content\/uploads\/2024\/08\/Bozodujfalu-2000-jul-10-a-1024x596.jpg 1024w, https:\/\/www.bozodujfalu.eu\/wp-content\/uploads\/2024\/08\/Bozodujfalu-2000-jul-10-a-300x175.jpg 300w, https:\/\/www.bozodujfalu.eu\/wp-content\/uploads\/2024\/08\/Bozodujfalu-2000-jul-10-a-768x447.jpg 768w, https:\/\/www.bozodujfalu.eu\/wp-content\/uploads\/2024\/08\/Bozodujfalu-2000-jul-10-a-1536x894.jpg 1536w, https:\/\/www.bozodujfalu.eu\/wp-content\/uploads\/2024\/08\/Bozodujfalu-2000-jul-10-a-2048x1191.jpg 2048w\" sizes=\"auto, (max-width: 1024px) 100vw, 1024px\" \/><\/a><\/figure>\n\n\n\n<figure class=\"wp-block-image size-large\"><a href=\"https:\/\/www.bozodujfalu.eu\/wp-content\/uploads\/2024\/08\/Bozodujfalu-2000-jul-16-a.jpg\"><img loading=\"lazy\" decoding=\"async\" width=\"1024\" height=\"625\" data-id=\"598\" src=\"https:\/\/www.bozodujfalu.eu\/wp-content\/uploads\/2024\/08\/Bozodujfalu-2000-jul-16-a-1024x625.jpg\" alt=\"\" class=\"wp-image-598\" srcset=\"https:\/\/www.bozodujfalu.eu\/wp-content\/uploads\/2024\/08\/Bozodujfalu-2000-jul-16-a-1024x625.jpg 1024w, https:\/\/www.bozodujfalu.eu\/wp-content\/uploads\/2024\/08\/Bozodujfalu-2000-jul-16-a-300x183.jpg 300w, https:\/\/www.bozodujfalu.eu\/wp-content\/uploads\/2024\/08\/Bozodujfalu-2000-jul-16-a-768x468.jpg 768w, https:\/\/www.bozodujfalu.eu\/wp-content\/uploads\/2024\/08\/Bozodujfalu-2000-jul-16-a-1536x937.jpg 1536w, https:\/\/www.bozodujfalu.eu\/wp-content\/uploads\/2024\/08\/Bozodujfalu-2000-jul-16-a-2048x1249.jpg 2048w\" sizes=\"auto, (max-width: 1024px) 100vw, 1024px\" \/><\/a><\/figure>\n\n\n\n<figure class=\"wp-block-image size-large\"><a href=\"https:\/\/www.bozodujfalu.eu\/wp-content\/uploads\/2024\/08\/Bozodujfalu-2000-jul-18-a.jpg\"><img loading=\"lazy\" decoding=\"async\" width=\"1024\" height=\"619\" data-id=\"599\" src=\"https:\/\/www.bozodujfalu.eu\/wp-content\/uploads\/2024\/08\/Bozodujfalu-2000-jul-18-a-1024x619.jpg\" alt=\"\" class=\"wp-image-599\" srcset=\"https:\/\/www.bozodujfalu.eu\/wp-content\/uploads\/2024\/08\/Bozodujfalu-2000-jul-18-a-1024x619.jpg 1024w, https:\/\/www.bozodujfalu.eu\/wp-content\/uploads\/2024\/08\/Bozodujfalu-2000-jul-18-a-300x181.jpg 300w, https:\/\/www.bozodujfalu.eu\/wp-content\/uploads\/2024\/08\/Bozodujfalu-2000-jul-18-a-768x464.jpg 768w, https:\/\/www.bozodujfalu.eu\/wp-content\/uploads\/2024\/08\/Bozodujfalu-2000-jul-18-a-1536x928.jpg 1536w, https:\/\/www.bozodujfalu.eu\/wp-content\/uploads\/2024\/08\/Bozodujfalu-2000-jul-18-a-2048x1237.jpg 2048w\" sizes=\"auto, (max-width: 1024px) 100vw, 1024px\" \/><\/a><\/figure>\n\n\n\n<figure class=\"wp-block-image size-large\"><a href=\"https:\/\/www.bozodujfalu.eu\/wp-content\/uploads\/2024\/08\/Bozodi-to-170429-143-a.jpg\"><img loading=\"lazy\" decoding=\"async\" width=\"1024\" height=\"683\" data-id=\"584\" src=\"https:\/\/www.bozodujfalu.eu\/wp-content\/uploads\/2024\/08\/Bozodi-to-170429-143-a-1024x683.jpg\" alt=\"\" class=\"wp-image-584\" srcset=\"https:\/\/www.bozodujfalu.eu\/wp-content\/uploads\/2024\/08\/Bozodi-to-170429-143-a-1024x683.jpg 1024w, https:\/\/www.bozodujfalu.eu\/wp-content\/uploads\/2024\/08\/Bozodi-to-170429-143-a-300x200.jpg 300w, https:\/\/www.bozodujfalu.eu\/wp-content\/uploads\/2024\/08\/Bozodi-to-170429-143-a-768x512.jpg 768w, https:\/\/www.bozodujfalu.eu\/wp-content\/uploads\/2024\/08\/Bozodi-to-170429-143-a-1536x1024.jpg 1536w, https:\/\/www.bozodujfalu.eu\/wp-content\/uploads\/2024\/08\/Bozodi-to-170429-143-a-2048x1365.jpg 2048w\" sizes=\"auto, (max-width: 1024px) 100vw, 1024px\" \/><\/a><\/figure>\n\n\n\n<figure class=\"wp-block-image size-large\"><a href=\"https:\/\/www.bozodujfalu.eu\/wp-content\/uploads\/2024\/08\/Bozodi-to-190505-1-a.jpg\"><img loading=\"lazy\" decoding=\"async\" width=\"1024\" height=\"683\" data-id=\"585\" src=\"https:\/\/www.bozodujfalu.eu\/wp-content\/uploads\/2024\/08\/Bozodi-to-190505-1-a-1024x683.jpg\" alt=\"\" class=\"wp-image-585\" srcset=\"https:\/\/www.bozodujfalu.eu\/wp-content\/uploads\/2024\/08\/Bozodi-to-190505-1-a-1024x683.jpg 1024w, https:\/\/www.bozodujfalu.eu\/wp-content\/uploads\/2024\/08\/Bozodi-to-190505-1-a-300x200.jpg 300w, https:\/\/www.bozodujfalu.eu\/wp-content\/uploads\/2024\/08\/Bozodi-to-190505-1-a-768x512.jpg 768w, https:\/\/www.bozodujfalu.eu\/wp-content\/uploads\/2024\/08\/Bozodi-to-190505-1-a-1536x1024.jpg 1536w, https:\/\/www.bozodujfalu.eu\/wp-content\/uploads\/2024\/08\/Bozodi-to-190505-1-a-2048x1365.jpg 2048w\" sizes=\"auto, (max-width: 1024px) 100vw, 1024px\" \/><\/a><\/figure>\n\n\n\n<figure class=\"wp-block-image size-large\"><a href=\"https:\/\/www.bozodujfalu.eu\/wp-content\/uploads\/2024\/08\/Bozodi-to-190505-13-aab.jpg\"><img loading=\"lazy\" decoding=\"async\" width=\"1024\" height=\"683\" data-id=\"587\" src=\"https:\/\/www.bozodujfalu.eu\/wp-content\/uploads\/2024\/08\/Bozodi-to-190505-13-aab-1024x683.jpg\" alt=\"\" class=\"wp-image-587\" srcset=\"https:\/\/www.bozodujfalu.eu\/wp-content\/uploads\/2024\/08\/Bozodi-to-190505-13-aab-1024x683.jpg 1024w, https:\/\/www.bozodujfalu.eu\/wp-content\/uploads\/2024\/08\/Bozodi-to-190505-13-aab-300x200.jpg 300w, https:\/\/www.bozodujfalu.eu\/wp-content\/uploads\/2024\/08\/Bozodi-to-190505-13-aab-768x512.jpg 768w, https:\/\/www.bozodujfalu.eu\/wp-content\/uploads\/2024\/08\/Bozodi-to-190505-13-aab.jpg 1417w\" sizes=\"auto, (max-width: 1024px) 100vw, 1024px\" \/><\/a><\/figure>\n\n\n\n<figure class=\"wp-block-image size-large\"><a href=\"https:\/\/www.bozodujfalu.eu\/wp-content\/uploads\/2024\/08\/Bozodi-to-190505-65-a.jpg\"><img loading=\"lazy\" decoding=\"async\" width=\"1024\" height=\"683\" data-id=\"588\" src=\"https:\/\/www.bozodujfalu.eu\/wp-content\/uploads\/2024\/08\/Bozodi-to-190505-65-a-1024x683.jpg\" alt=\"\" class=\"wp-image-588\" srcset=\"https:\/\/www.bozodujfalu.eu\/wp-content\/uploads\/2024\/08\/Bozodi-to-190505-65-a-1024x683.jpg 1024w, https:\/\/www.bozodujfalu.eu\/wp-content\/uploads\/2024\/08\/Bozodi-to-190505-65-a-300x200.jpg 300w, https:\/\/www.bozodujfalu.eu\/wp-content\/uploads\/2024\/08\/Bozodi-to-190505-65-a-768x512.jpg 768w, https:\/\/www.bozodujfalu.eu\/wp-content\/uploads\/2024\/08\/Bozodi-to-190505-65-a-1536x1024.jpg 1536w, https:\/\/www.bozodujfalu.eu\/wp-content\/uploads\/2024\/08\/Bozodi-to-190505-65-a-2048x1365.jpg 2048w\" sizes=\"auto, (max-width: 1024px) 100vw, 1024px\" \/><\/a><\/figure>\n\n\n\n<figure class=\"wp-block-image size-large\"><a href=\"https:\/\/www.bozodujfalu.eu\/wp-content\/uploads\/2024\/08\/Bozodujfalu-2000-2-a.jpg\"><img loading=\"lazy\" decoding=\"async\" width=\"642\" height=\"1024\" data-id=\"594\" src=\"https:\/\/www.bozodujfalu.eu\/wp-content\/uploads\/2024\/08\/Bozodujfalu-2000-2-a-642x1024.jpg\" alt=\"\" class=\"wp-image-594\" srcset=\"https:\/\/www.bozodujfalu.eu\/wp-content\/uploads\/2024\/08\/Bozodujfalu-2000-2-a-642x1024.jpg 642w, https:\/\/www.bozodujfalu.eu\/wp-content\/uploads\/2024\/08\/Bozodujfalu-2000-2-a-188x300.jpg 188w, https:\/\/www.bozodujfalu.eu\/wp-content\/uploads\/2024\/08\/Bozodujfalu-2000-2-a-768x1225.jpg 768w, https:\/\/www.bozodujfalu.eu\/wp-content\/uploads\/2024\/08\/Bozodujfalu-2000-2-a-963x1536.jpg 963w, https:\/\/www.bozodujfalu.eu\/wp-content\/uploads\/2024\/08\/Bozodujfalu-2000-2-a-1284x2048.jpg 1284w, https:\/\/www.bozodujfalu.eu\/wp-content\/uploads\/2024\/08\/Bozodujfalu-2000-2-a.jpg 1599w\" sizes=\"auto, (max-width: 642px) 100vw, 642px\" \/><\/a><\/figure>\n\n\n\n<figure class=\"wp-block-image size-large\"><a href=\"https:\/\/www.bozodujfalu.eu\/wp-content\/uploads\/2024\/08\/Bozodi-to-190505-5-a.jpg\"><img loading=\"lazy\" decoding=\"async\" width=\"1024\" height=\"683\" data-id=\"586\" src=\"https:\/\/www.bozodujfalu.eu\/wp-content\/uploads\/2024\/08\/Bozodi-to-190505-5-a-1024x683.jpg\" alt=\"\" class=\"wp-image-586\" srcset=\"https:\/\/www.bozodujfalu.eu\/wp-content\/uploads\/2024\/08\/Bozodi-to-190505-5-a-1024x683.jpg 1024w, https:\/\/www.bozodujfalu.eu\/wp-content\/uploads\/2024\/08\/Bozodi-to-190505-5-a-300x200.jpg 300w, https:\/\/www.bozodujfalu.eu\/wp-content\/uploads\/2024\/08\/Bozodi-to-190505-5-a-768x512.jpg 768w, https:\/\/www.bozodujfalu.eu\/wp-content\/uploads\/2024\/08\/Bozodi-to-190505-5-a-1536x1024.jpg 1536w, https:\/\/www.bozodujfalu.eu\/wp-content\/uploads\/2024\/08\/Bozodi-to-190505-5-a-2048x1365.jpg 2048w\" sizes=\"auto, (max-width: 1024px) 100vw, 1024px\" \/><\/a><\/figure>\n\n\n\n<figure class=\"wp-block-image size-large\"><a href=\"https:\/\/www.bozodujfalu.eu\/wp-content\/uploads\/2024\/08\/Bozodujfalu-2000-jul-27-a.jpg\"><img loading=\"lazy\" decoding=\"async\" width=\"1024\" height=\"620\" data-id=\"600\" src=\"https:\/\/www.bozodujfalu.eu\/wp-content\/uploads\/2024\/08\/Bozodujfalu-2000-jul-27-a-1024x620.jpg\" alt=\"\" class=\"wp-image-600\" srcset=\"https:\/\/www.bozodujfalu.eu\/wp-content\/uploads\/2024\/08\/Bozodujfalu-2000-jul-27-a-1024x620.jpg 1024w, https:\/\/www.bozodujfalu.eu\/wp-content\/uploads\/2024\/08\/Bozodujfalu-2000-jul-27-a-300x182.jpg 300w, https:\/\/www.bozodujfalu.eu\/wp-content\/uploads\/2024\/08\/Bozodujfalu-2000-jul-27-a-768x465.jpg 768w, https:\/\/www.bozodujfalu.eu\/wp-content\/uploads\/2024\/08\/Bozodujfalu-2000-jul-27-a-1536x930.jpg 1536w, https:\/\/www.bozodujfalu.eu\/wp-content\/uploads\/2024\/08\/Bozodujfalu-2000-jul-27-a-2048x1240.jpg 2048w\" sizes=\"auto, (max-width: 1024px) 100vw, 1024px\" \/><\/a><\/figure>\n\n\n\n<figure class=\"wp-block-image size-large\"><a href=\"https:\/\/www.bozodujfalu.eu\/wp-content\/uploads\/2024\/08\/Bozodujfalu-170729-37-a.jpg\"><img loading=\"lazy\" decoding=\"async\" width=\"1024\" height=\"683\" data-id=\"601\" src=\"https:\/\/www.bozodujfalu.eu\/wp-content\/uploads\/2024\/08\/Bozodujfalu-170729-37-a-1024x683.jpg\" alt=\"\" class=\"wp-image-601\" srcset=\"https:\/\/www.bozodujfalu.eu\/wp-content\/uploads\/2024\/08\/Bozodujfalu-170729-37-a-1024x683.jpg 1024w, https:\/\/www.bozodujfalu.eu\/wp-content\/uploads\/2024\/08\/Bozodujfalu-170729-37-a-300x200.jpg 300w, https:\/\/www.bozodujfalu.eu\/wp-content\/uploads\/2024\/08\/Bozodujfalu-170729-37-a-768x512.jpg 768w, https:\/\/www.bozodujfalu.eu\/wp-content\/uploads\/2024\/08\/Bozodujfalu-170729-37-a-1536x1024.jpg 1536w, https:\/\/www.bozodujfalu.eu\/wp-content\/uploads\/2024\/08\/Bozodujfalu-170729-37-a-2048x1365.jpg 2048w\" sizes=\"auto, (max-width: 1024px) 100vw, 1024px\" \/><\/a><\/figure>\n\n\n\n<figure class=\"wp-block-image size-large\"><a href=\"https:\/\/www.bozodujfalu.eu\/wp-content\/uploads\/2024\/08\/Bozodujfalu-170729-40-aabb.jpg\"><img loading=\"lazy\" decoding=\"async\" width=\"1024\" height=\"683\" data-id=\"602\" src=\"https:\/\/www.bozodujfalu.eu\/wp-content\/uploads\/2024\/08\/Bozodujfalu-170729-40-aabb-1024x683.jpg\" alt=\"\" class=\"wp-image-602\" srcset=\"https:\/\/www.bozodujfalu.eu\/wp-content\/uploads\/2024\/08\/Bozodujfalu-170729-40-aabb-1024x683.jpg 1024w, https:\/\/www.bozodujfalu.eu\/wp-content\/uploads\/2024\/08\/Bozodujfalu-170729-40-aabb-300x200.jpg 300w, https:\/\/www.bozodujfalu.eu\/wp-content\/uploads\/2024\/08\/Bozodujfalu-170729-40-aabb-768x512.jpg 768w, https:\/\/www.bozodujfalu.eu\/wp-content\/uploads\/2024\/08\/Bozodujfalu-170729-40-aabb.jpg 1417w\" sizes=\"auto, (max-width: 1024px) 100vw, 1024px\" \/><\/a><\/figure>\n<\/figure>\n","protected":false},"excerpt":{"rendered":"<p>B\u00e1lint Zsigmond fot\u00f3m\u0171v\u00e9sz az al\u00e1bbi k\u00e9peket 1990 \u00e9s 2019 k\u00f6z\u00f6tt k\u00e9sz\u00edtette.<\/p>\n","protected":false},"author":1,"featured_media":0,"parent":0,"menu_order":0,"comment_status":"closed","ping_status":"closed","template":"","meta":{"_kad_post_transparent":"","_kad_post_title":"","_kad_post_layout":"","_kad_post_sidebar_id":"","_kad_post_content_style":"","_kad_post_vertical_padding":"","_kad_post_feature":"","_kad_post_feature_position":"","_kad_post_header":false,"_kad_post_footer":false,"footnotes":""},"class_list":["post-576","page","type-page","status-publish","hentry"],"_links":{"self":[{"href":"https:\/\/www.bozodujfalu.eu\/index.php\/wp-json\/wp\/v2\/pages\/576","targetHints":{"allow":["GET"]}}],"collection":[{"href":"https:\/\/www.bozodujfalu.eu\/index.php\/wp-json\/wp\/v2\/pages"}],"about":[{"href":"https:\/\/www.bozodujfalu.eu\/index.php\/wp-json\/wp\/v2\/types\/page"}],"author":[{"embeddable":true,"href":"https:\/\/www.bozodujfalu.eu\/index.php\/wp-json\/wp\/v2\/users\/1"}],"replies":[{"embeddable":true,"href":"https:\/\/www.bozodujfalu.eu\/index.php\/wp-json\/wp\/v2\/comments?post=576"}],"version-history":[{"count":1,"href":"https:\/\/www.bozodujfalu.eu\/index.php\/wp-json\/wp\/v2\/pages\/576\/revisions"}],"predecessor-version":[{"id":604,"href":"https:\/\/www.bozodujfalu.eu\/index.php\/wp-json\/wp\/v2\/pages\/576\/revisions\/604"}],"wp:attachment":[{"href":"https:\/\/www.bozodujfalu.eu\/index.php\/wp-json\/wp\/v2\/media?parent=576"}],"curies":[{"name":"wp","href":"https:\/\/api.w.org\/{rel}","templated":true}]}}