{"id":543,"date":"2024-08-10T13:39:38","date_gmt":"2024-08-10T10:39:38","guid":{"rendered":"https:\/\/www.bozodujfalu.eu\/?page_id=543"},"modified":"2024-08-10T13:39:38","modified_gmt":"2024-08-10T10:39:38","slug":"always-towards-the-tower-remembrance-reborn-at-the-bozodujfalu-reservoir","status":"publish","type":"page","link":"https:\/\/www.bozodujfalu.eu\/index.php\/always-towards-the-tower-remembrance-reborn-at-the-bozodujfalu-reservoir\/","title":{"rendered":"Always towards the tower &#8211; remembrance reborn at the B\u00f6z\u00f6d\u00fajfalu reservoir"},"content":{"rendered":"\n<p>The original article was published on <a href=\"https:\/\/szekelyhon.ro\/aktualis\/mindig-csak-toronyirant-n-ujjaszuletett-emlekezes-a-bozodujfalusi-viztarozonal\">Sz\u00e9kelyhon.ro<\/a>. Translated by Rodger Mattlage.<\/p>\n\n\n\n<div data-wp-interactive=\"core\/file\" class=\"wp-block-file\"><object data-wp-bind--hidden=\"!state.hasPdfPreview\" hidden class=\"wp-block-file__embed\" data=\"https:\/\/www.bozodujfalu.eu\/wp-content\/uploads\/2024\/08\/20240803-Bozodujfalu-memorial.pdf\" type=\"application\/pdf\" style=\"width:100%;height:600px\" aria-label=\"20240803 Bo\u0308zo\u0308du\u0301jfalu memorial be\u00e1gyaz\u00e1sa\"><\/object><a id=\"wp-block-file--media-4a151f78-2501-4ed6-8881-94089e860a9f\" href=\"https:\/\/www.bozodujfalu.eu\/wp-content\/uploads\/2024\/08\/20240803-Bozodujfalu-memorial.pdf\">20240803 Bo\u0308zo\u0308du\u0301jfalu memorial<\/a><a href=\"https:\/\/www.bozodujfalu.eu\/wp-content\/uploads\/2024\/08\/20240803-Bozodujfalu-memorial.pdf\" class=\"wp-block-file__button wp-element-button\" download aria-describedby=\"wp-block-file--media-4a151f78-2501-4ed6-8881-94089e860a9f\">Let\u00f6lt\u00e9s<\/a><\/div>\n\n\n\n<p><\/p>\n","protected":false},"excerpt":{"rendered":"<p>The original article was published on Sz\u00e9kelyhon.ro. Translated by Rodger Mattlage.<\/p>\n","protected":false},"author":1,"featured_media":0,"parent":0,"menu_order":0,"comment_status":"closed","ping_status":"closed","template":"","meta":{"_kad_post_transparent":"","_kad_post_title":"","_kad_post_layout":"","_kad_post_sidebar_id":"","_kad_post_content_style":"","_kad_post_vertical_padding":"","_kad_post_feature":"","_kad_post_feature_position":"","_kad_post_header":false,"_kad_post_footer":false,"footnotes":""},"class_list":["post-543","page","type-page","status-publish","hentry"],"_links":{"self":[{"href":"https:\/\/www.bozodujfalu.eu\/index.php\/wp-json\/wp\/v2\/pages\/543","targetHints":{"allow":["GET"]}}],"collection":[{"href":"https:\/\/www.bozodujfalu.eu\/index.php\/wp-json\/wp\/v2\/pages"}],"about":[{"href":"https:\/\/www.bozodujfalu.eu\/index.php\/wp-json\/wp\/v2\/types\/page"}],"author":[{"embeddable":true,"href":"https:\/\/www.bozodujfalu.eu\/index.php\/wp-json\/wp\/v2\/users\/1"}],"replies":[{"embeddable":true,"href":"https:\/\/www.bozodujfalu.eu\/index.php\/wp-json\/wp\/v2\/comments?post=543"}],"version-history":[{"count":1,"href":"https:\/\/www.bozodujfalu.eu\/index.php\/wp-json\/wp\/v2\/pages\/543\/revisions"}],"predecessor-version":[{"id":545,"href":"https:\/\/www.bozodujfalu.eu\/index.php\/wp-json\/wp\/v2\/pages\/543\/revisions\/545"}],"wp:attachment":[{"href":"https:\/\/www.bozodujfalu.eu\/index.php\/wp-json\/wp\/v2\/media?parent=543"}],"curies":[{"name":"wp","href":"https:\/\/api.w.org\/{rel}","templated":true}]}}